{"id":838,"date":"2020-07-06T11:02:15","date_gmt":"2020-07-06T09:02:15","guid":{"rendered":"https:\/\/tonigbauernhof.it\/impressum\/"},"modified":"2024-10-18T09:29:48","modified_gmt":"2024-10-18T07:29:48","slug":"colophone","status":"publish","type":"page","link":"https:\/\/tonigbauernhof.it\/it\/colophone\/","title":{"rendered":"Colophone"},"content":{"rendered":"[vc_row type=&#8221;in_container&#8221; full_screen_row_position=&#8221;middle&#8221; column_margin=&#8221;default&#8221; column_direction=&#8221;default&#8221; column_direction_tablet=&#8221;default&#8221; column_direction_phone=&#8221;default&#8221; scene_position=&#8221;center&#8221; text_color=&#8221;dark&#8221; text_align=&#8221;left&#8221; row_border_radius=&#8221;none&#8221; row_border_radius_applies=&#8221;bg&#8221; overflow=&#8221;visible&#8221; overlay_strength=&#8221;0.3&#8243; gradient_direction=&#8221;left_to_right&#8221; shape_divider_position=&#8221;bottom&#8221; bg_image_animation=&#8221;none&#8221;][vc_column column_padding=&#8221;no-extra-padding&#8221; column_padding_tablet=&#8221;inherit&#8221; column_padding_phone=&#8221;inherit&#8221; column_padding_position=&#8221;all&#8221; column_element_direction_desktop=&#8221;default&#8221; column_element_spacing=&#8221;default&#8221; desktop_text_alignment=&#8221;default&#8221; tablet_text_alignment=&#8221;default&#8221; phone_text_alignment=&#8221;default&#8221; background_color_opacity=&#8221;1&#8243; background_hover_color_opacity=&#8221;1&#8243; column_backdrop_filter=&#8221;none&#8221; column_shadow=&#8221;none&#8221; column_border_radius=&#8221;none&#8221; column_link_target=&#8221;_self&#8221; column_position=&#8221;default&#8221; gradient_direction=&#8221;left_to_right&#8221; overlay_strength=&#8221;0.3&#8243; width=&#8221;1\/1&#8243; tablet_width_inherit=&#8221;default&#8221; animation_type=&#8221;default&#8221; bg_image_animation=&#8221;none&#8221; border_type=&#8221;simple&#8221; column_border_width=&#8221;none&#8221; column_border_style=&#8221;solid&#8221;][vc_column_text css=&#8221;&#8221; text_direction=&#8221;default&#8221;]\n<h3>[divider line_type=&#8221;no-line&#8221; custom_height=&#8221;90&#8243;]<\/h3>\n<h3>Colophone<\/h3>\n[divider line_type=&#8221;no-line&#8221; custom_height=&#8221;50&#8243;]\n<p>Proprietario e editore:<\/p>\n<p>Familie Walzl Thomas<br \/>\nTalle di sopra 77<br \/>\n39017 Scena<br \/>\nT +39 333 191 75 42<br \/>\ninfo@tonigbauernhof.it<\/p>\n<p>WLZTMS79C13F132H<br \/>\nP. IVA IT02994140214<br \/>\nCIN: IT021087B5NP36UYTK<\/p>\n<p>&nbsp;<\/p>\n<h3>Photo credit<\/h3>\n<p><a href=\"https:\/\/www.bookiply.it\/\" target=\"_blank\" rel=\"noopener\">bookiply<\/a><\/p>\n<h3>Webdesign e programmazione:<\/h3>\n<p><a title=\"www.fahrner.it\" href=\"http:\/\/fahrner.it\/\" target=\"_blank\" rel=\"noopener noreferrer\">[lukas fahrner]<\/a><\/p>\n<h3>Informazione obbligatoria<\/h3>\n<p><strong>ai sensi del Regolamento UE n. 524\/2016 del Parlamento europeo e del Consiglio<br \/>\n<\/strong>Piattaforma per la risoluzione delle controversie online dei consumatori (ODR) della Commissione europea:\u00a0<a href=\"http:\/\/ec.europa.eu\/consumers\/odr\/\" target=\"_blank\" rel=\"noopener noreferrer\">http:\/\/ec.europa.eu\/consumers\/odr\/<\/a><\/p>\n<p>&nbsp;<\/p>\n<h3>Indicazioni importanti<\/h3>\n<p>Tutte le informazioni contenute nella pagina sono protette da diritti d\u2019autore e di propriet\u00e0. L\u2019uso e la diffusione sono riservate esclusivamente ad uso personale. Ogni uso diverso deve essere consentito per iscritto. Questo riguarda soprattutto la riproduzione, traduzione, la riproduzione cinematografica, memorizzazione e diffusione mediate mezzi elettronici.<\/p>\n<h3>Esclusione dalla responsabilit\u00e0<\/h3>\n<p>Molti \u201elink\u201c conducono dalla pagina internet (\u201eInternetsite\u201c) a pagine esterne gestite e\/o pubblicate da esercizi esterni. Queste pagine non possono essere controllate da noi. Per questo motivo non possiamo assumerci nessuna responsabilit\u00e0 sull\u2019eventuale contenuto. Solo gli esercizi esterni sono responsabili del contenuto di dette pagine. Al momento della messa in rete della nostra pagina web non sono stati riscontrati contenuti illegali. Ci dissociamo da eventuali prese di posizioni contenute nei link esterni. Il nostro sito web viene attualizzato regolarmente. Tuttavia non possiamo garantire la piena esattezza, conformit\u00e0, legittimit\u00e0, attualit\u00e0 e completezza dei dati ivi contenuti.<\/p>\n<h3>[divider line_type=&#8221;no-line&#8221; custom_height=&#8221;90&#8243;]<\/h3>\n[\/vc_column_text][\/vc_column][\/vc_row]","protected":false},"excerpt":{"rendered":"<p>[vc_row type=&#8221;in_container&#8221; full_screen_row_position=&#8221;middle&#8221; column_margin=&#8221;default&#8221; column_direction=&#8221;default&#8221; column_direction_tablet=&#8221;default&#8221; column_direction_phone=&#8221;default&#8221; scene_position=&#8221;center&#8221; text_color=&#8221;dark&#8221; text_align=&#8221;left&#8221; row_border_radius=&#8221;none&#8221; row_border_radius_applies=&#8221;bg&#8221; overflow=&#8221;visible&#8221; overlay_strength=&#8221;0.3&#8243; gradient_direction=&#8221;left_to_right&#8221; shape_divider_position=&#8221;bottom&#8221; bg_image_animation=&#8221;none&#8221;][vc_column column_padding=&#8221;no-extra-padding&#8221; column_padding_tablet=&#8221;inherit&#8221; column_padding_phone=&#8221;inherit&#8221; column_padding_position=&#8221;all&#8221; column_element_direction_desktop=&#8221;default&#8221; column_element_spacing=&#8221;default&#8221; desktop_text_alignment=&#8221;default&#8221; tablet_text_alignment=&#8221;default&#8221; phone_text_alignment=&#8221;default&#8221; background_color_opacity=&#8221;1&#8243; background_hover_color_opacity=&#8221;1&#8243; column_backdrop_filter=&#8221;none&#8221; column_shadow=&#8221;none&#8221;&#8230;<\/p>\n","protected":false},"author":2,"featured_media":0,"parent":0,"menu_order":100,"comment_status":"closed","ping_status":"closed","template":"","meta":{"footnotes":""},"class_list":["post-838","page","type-page","status-publish"],"_links":{"self":[{"href":"https:\/\/tonigbauernhof.it\/it\/wp-json\/wp\/v2\/pages\/838","targetHints":{"allow":["GET"]}}],"collection":[{"href":"https:\/\/tonigbauernhof.it\/it\/wp-json\/wp\/v2\/pages"}],"about":[{"href":"https:\/\/tonigbauernhof.it\/it\/wp-json\/wp\/v2\/types\/page"}],"author":[{"embeddable":true,"href":"https:\/\/tonigbauernhof.it\/it\/wp-json\/wp\/v2\/users\/2"}],"replies":[{"embeddable":true,"href":"https:\/\/tonigbauernhof.it\/it\/wp-json\/wp\/v2\/comments?post=838"}],"version-history":[{"count":3,"href":"https:\/\/tonigbauernhof.it\/it\/wp-json\/wp\/v2\/pages\/838\/revisions"}],"predecessor-version":[{"id":938,"href":"https:\/\/tonigbauernhof.it\/it\/wp-json\/wp\/v2\/pages\/838\/revisions\/938"}],"wp:attachment":[{"href":"https:\/\/tonigbauernhof.it\/it\/wp-json\/wp\/v2\/media?parent=838"}],"curies":[{"name":"wp","href":"https:\/\/api.w.org\/{rel}","templated":true}]}}